{"id":951,"date":"2025-10-08T05:57:09","date_gmt":"2025-10-08T05:57:09","guid":{"rendered":"https:\/\/nattugladev.wpenginepowered.com\/?page_id=951"},"modified":"2026-01-26T12:43:44","modified_gmt":"2026-01-26T12:43:44","slug":"tillagg","status":"publish","type":"page","link":"https:\/\/nattugla.no\/sv\/tillagg\/","title":{"rendered":"Ytterligare tj\u00e4nster"},"content":{"rendered":"<p>&nbsp;<\/p>\n<p>&nbsp;<\/p>","protected":false},"excerpt":{"rendered":"<p>&nbsp; &nbsp;<\/p>","protected":false},"author":8,"featured_media":986,"parent":0,"menu_order":0,"comment_status":"closed","ping_status":"closed","template":"template-add-ons.php","meta":{"_acf_changed":false,"inline_featured_image":false,"footnotes":""},"class_list":["post-951","page","type-page","status-publish","has-post-thumbnail","hentry"],"acf":[],"yoast_head":"<!-- This site is optimized with the Yoast SEO plugin v26.9 - https:\/\/yoast.com\/product\/yoast-seo-wordpress\/ -->\n<title>Add-Ons - Nattugla<\/title>\n<meta name=\"description\" content=\"Additional products that make Nattugla even more effective and safe. Audio unit, Climax RF dongel, Group supervision\" \/>\n<meta name=\"robots\" content=\"index, follow, max-snippet:-1, max-image-preview:large, max-video-preview:-1\" \/>\n<link rel=\"canonical\" href=\"https:\/\/nattugla.no\/sv\/tillagg\/\" \/>\n<meta property=\"og:locale\" content=\"sv_SE\" \/>\n<meta property=\"og:type\" content=\"article\" \/>\n<meta property=\"og:title\" content=\"Add-Ons - Nattugla\" \/>\n<meta property=\"og:description\" content=\"Additional products that make Nattugla even more effective and safe. Audio unit, Climax RF dongel, Group supervision\" \/>\n<meta property=\"og:url\" content=\"https:\/\/nattugla.no\/sv\/tillagg\/\" \/>\n<meta property=\"og:site_name\" content=\"Nattugla\" \/>\n<meta property=\"article:modified_time\" content=\"2026-01-26T12:43:44+00:00\" \/>\n<meta property=\"og:image\" content=\"https:\/\/nattugla.no\/wp-content\/uploads\/2025\/10\/Climax-RF.png\" \/>\n\t<meta property=\"og:image:width\" content=\"500\" \/>\n\t<meta property=\"og:image:height\" content=\"500\" \/>\n\t<meta property=\"og:image:type\" content=\"image\/png\" \/>\n<meta name=\"twitter:card\" content=\"summary_large_image\" \/>\n<meta name=\"twitter:label1\" content=\"Est. reading time\" \/>\n\t<meta name=\"twitter:data1\" content=\"1 minut\" \/>\n<script type=\"application\/ld+json\" class=\"yoast-schema-graph\">{\"@context\":\"https:\/\/schema.org\",\"@graph\":[{\"@type\":\"WebPage\",\"@id\":\"https:\/\/nattugla.no\/add-ons\/\",\"url\":\"https:\/\/nattugla.no\/add-ons\/\",\"name\":\"Add-Ons - Nattugla\",\"isPartOf\":{\"@id\":\"https:\/\/nattugla.no\/#website\"},\"primaryImageOfPage\":{\"@id\":\"https:\/\/nattugla.no\/add-ons\/#primaryimage\"},\"image\":{\"@id\":\"https:\/\/nattugla.no\/add-ons\/#primaryimage\"},\"thumbnailUrl\":\"https:\/\/nattugla.no\/wp-content\/uploads\/2025\/10\/Climax-RF.png\",\"datePublished\":\"2025-10-08T05:57:09+00:00\",\"dateModified\":\"2026-01-26T12:43:44+00:00\",\"description\":\"Additional products that make Nattugla even more effective and safe. Audio unit, Climax RF dongel, Group supervision\",\"breadcrumb\":{\"@id\":\"https:\/\/nattugla.no\/add-ons\/#breadcrumb\"},\"inLanguage\":\"sv-SE\",\"potentialAction\":[{\"@type\":\"ReadAction\",\"target\":[\"https:\/\/nattugla.no\/add-ons\/\"]}]},{\"@type\":\"ImageObject\",\"inLanguage\":\"sv-SE\",\"@id\":\"https:\/\/nattugla.no\/add-ons\/#primaryimage\",\"url\":\"https:\/\/nattugla.no\/wp-content\/uploads\/2025\/10\/Climax-RF.png\",\"contentUrl\":\"https:\/\/nattugla.no\/wp-content\/uploads\/2025\/10\/Climax-RF.png\",\"width\":500,\"height\":500},{\"@type\":\"BreadcrumbList\",\"@id\":\"https:\/\/nattugla.no\/add-ons\/#breadcrumb\",\"itemListElement\":[{\"@type\":\"ListItem\",\"position\":1,\"name\":\"Home\",\"item\":\"https:\/\/nattugla.no\/\"},{\"@type\":\"ListItem\",\"position\":2,\"name\":\"Add-Ons\"}]},{\"@type\":\"WebSite\",\"@id\":\"https:\/\/nattugla.no\/#website\",\"url\":\"https:\/\/nattugla.no\/\",\"name\":\"Nattugla\",\"description\":\"\",\"potentialAction\":[{\"@type\":\"SearchAction\",\"target\":{\"@type\":\"EntryPoint\",\"urlTemplate\":\"https:\/\/nattugla.no\/?s={search_term_string}\"},\"query-input\":{\"@type\":\"PropertyValueSpecification\",\"valueRequired\":true,\"valueName\":\"search_term_string\"}}],\"inLanguage\":\"sv-SE\"}]}<\/script>\n<!-- \/ Yoast SEO plugin. -->","yoast_head_json":{"title":"Till\u00e4gg - Nattugla","description":"Ytterligare produkter som g\u00f6r Nattugla \u00e4nnu mer effektivt och s\u00e4kert. Audioenhet, Climax RF-dongel, Grupp\u00f6vervakning","robots":{"index":"index","follow":"follow","max-snippet":"max-snippet:-1","max-image-preview":"max-image-preview:large","max-video-preview":"max-video-preview:-1"},"canonical":"https:\/\/nattugla.no\/sv\/tillagg\/","og_locale":"sv_SE","og_type":"article","og_title":"Add-Ons - Nattugla","og_description":"Additional products that make Nattugla even more effective and safe. Audio unit, Climax RF dongel, Group supervision","og_url":"https:\/\/nattugla.no\/sv\/tillagg\/","og_site_name":"Nattugla","article_modified_time":"2026-01-26T12:43:44+00:00","og_image":[{"width":500,"height":500,"url":"https:\/\/nattugla.no\/wp-content\/uploads\/2025\/10\/Climax-RF.png","type":"image\/png"}],"twitter_card":"summary_large_image","twitter_misc":{"Est. reading time":"1 minut"},"schema":{"@context":"https:\/\/schema.org","@graph":[{"@type":"WebPage","@id":"https:\/\/nattugla.no\/add-ons\/","url":"https:\/\/nattugla.no\/add-ons\/","name":"Till\u00e4gg - Nattugla","isPartOf":{"@id":"https:\/\/nattugla.no\/#website"},"primaryImageOfPage":{"@id":"https:\/\/nattugla.no\/add-ons\/#primaryimage"},"image":{"@id":"https:\/\/nattugla.no\/add-ons\/#primaryimage"},"thumbnailUrl":"https:\/\/nattugla.no\/wp-content\/uploads\/2025\/10\/Climax-RF.png","datePublished":"2025-10-08T05:57:09+00:00","dateModified":"2026-01-26T12:43:44+00:00","description":"Ytterligare produkter som g\u00f6r Nattugla \u00e4nnu mer effektivt och s\u00e4kert. Audioenhet, Climax RF-dongel, Grupp\u00f6vervakning","breadcrumb":{"@id":"https:\/\/nattugla.no\/add-ons\/#breadcrumb"},"inLanguage":"sv-SE","potentialAction":[{"@type":"ReadAction","target":["https:\/\/nattugla.no\/add-ons\/"]}]},{"@type":"ImageObject","inLanguage":"sv-SE","@id":"https:\/\/nattugla.no\/add-ons\/#primaryimage","url":"https:\/\/nattugla.no\/wp-content\/uploads\/2025\/10\/Climax-RF.png","contentUrl":"https:\/\/nattugla.no\/wp-content\/uploads\/2025\/10\/Climax-RF.png","width":500,"height":500},{"@type":"BreadcrumbList","@id":"https:\/\/nattugla.no\/add-ons\/#breadcrumb","itemListElement":[{"@type":"ListItem","position":1,"name":"Home","item":"https:\/\/nattugla.no\/"},{"@type":"ListItem","position":2,"name":"Add-Ons"}]},{"@type":"WebSite","@id":"https:\/\/nattugla.no\/#website","url":"https:\/\/nattugla.no\/","name":"Nattugla","description":"","potentialAction":[{"@type":"SearchAction","target":{"@type":"EntryPoint","urlTemplate":"https:\/\/nattugla.no\/?s={search_term_string}"},"query-input":{"@type":"PropertyValueSpecification","valueRequired":true,"valueName":"search_term_string"}}],"inLanguage":"sv-SE"}]}},"_links":{"self":[{"href":"https:\/\/nattugla.no\/sv\/wp-json\/wp\/v2\/pages\/951","targetHints":{"allow":["GET"]}}],"collection":[{"href":"https:\/\/nattugla.no\/sv\/wp-json\/wp\/v2\/pages"}],"about":[{"href":"https:\/\/nattugla.no\/sv\/wp-json\/wp\/v2\/types\/page"}],"author":[{"embeddable":true,"href":"https:\/\/nattugla.no\/sv\/wp-json\/wp\/v2\/users\/8"}],"replies":[{"embeddable":true,"href":"https:\/\/nattugla.no\/sv\/wp-json\/wp\/v2\/comments?post=951"}],"version-history":[{"count":0,"href":"https:\/\/nattugla.no\/sv\/wp-json\/wp\/v2\/pages\/951\/revisions"}],"wp:featuredmedia":[{"embeddable":true,"href":"https:\/\/nattugla.no\/sv\/wp-json\/wp\/v2\/media\/986"}],"wp:attachment":[{"href":"https:\/\/nattugla.no\/sv\/wp-json\/wp\/v2\/media?parent=951"}],"curies":[{"name":"wp","href":"https:\/\/api.w.org\/{rel}","templated":true}]}}