{"id":990,"date":"2025-10-13T10:35:10","date_gmt":"2025-10-13T10:35:10","guid":{"rendered":"https:\/\/nattugladev.wpenginepowered.com\/?page_id=990"},"modified":"2026-01-26T12:08:16","modified_gmt":"2026-01-26T12:08:16","slug":"vilkar-og-betingelser","status":"publish","type":"page","link":"https:\/\/nattugla.no\/nb\/vilkar-og-betingelser\/","title":{"rendered":"Vilk\u00e5r og betingelser"},"content":{"rendered":"<p>Disse vilk\u00e5rene (\u201cVilk\u00e5r og betingelser\u201d) regulerer ditt forhold til\u00a0<a href=\"https:\/\/nattugla.no\/nb\/\" target=\"_blank\" rel=\"noopener noreferrer\">https:\/\/nattugla.no<\/a> nettsted og mobilapplikasjoner (\u201cTjenester\u201d) som drives av Easymeeting AS (\u201coss\u201d, \u201cvi\u201d eller \u201cv\u00e5r\u201d). Vennligst les disse vilk\u00e5rene n\u00f8ye f\u00f8r du bruker v\u00e5re nettsteder og tjenester. Tilgang til og bruk av v\u00e5re tjenester forutsetter at du aksepterer og overholder disse vilk\u00e5rene. Disse vilk\u00e5rene gjelder for alle bes\u00f8kende, brukere og andre som har tilgang til eller bruker tjenestene.<\/p>\n<p>&nbsp;<\/p>\n<p>Ved \u00e5 f\u00e5 tilgang til eller bruke tjenestene v\u00e5re, samtykker du i \u00e5 v\u00e6re bundet av disse vilk\u00e5rene. Hvis du er uenig i noen del av vilk\u00e5rene, kan det hende at du ikke f\u00e5r tilgang til tjenesten.<\/p>\n<p>&nbsp;<\/p>\n<h3>KJ\u00d8P<\/h3>\n<p>N\u00e5r du kj\u00f8per produkter eller tjenester som er tilgjengelige via v\u00e5re nettsteder, kan du bli bedt om \u00e5 oppgi informasjon som er relevant for kj\u00f8pet, inkludert, men ikke begrenset til, kredittkortnummer, utl\u00f8psdato for kredittkortet, faktureringsdato og leveringsinformasjon.<\/p>\n<p>Du representerer og garanterer at: Du har juridisk rett til \u00e5 bruke kredittkort eller andre betalingsmetoder i forbindelse med kj\u00f8pet, og at informasjonen du oppgir er sann, korrekt og fullstendig. Ved \u00e5 sende inn slik informasjon gir du oss rett til \u00e5 dele informasjonen videre med tredjeparter, med det form\u00e5l \u00e5 forenkle gjennomf\u00f8ringen av kj\u00f8p.<\/p>\n<p>Vi forbeholder oss retten til \u00e5 avvise eller kansellere bestillingen din n\u00e5r som helst, inkludert, men ikke begrenset til: tilgjengelighet av produkter eller tjenester, feil i beskrivelsen eller prisen p\u00e5 produkter eller tjenester, feil i bestillingen eller andre \u00e5rsaker.<\/p>\n<p>Vi forbeholder oss retten til \u00e5 avvise eller kansellere bestillingen din hvis vi mistenker svindel eller en uautorisert eller ulovlig transaksjon.<\/p>\n<p>&nbsp;<\/p>\n<h3>GARANTI OG REKLAMASJONER<\/h3>\n<p>Kunden b\u00e6rer risikoen for utstyret fra det tidspunkt varen er levert. Med mindre annet er avtalt, garanterer Easymeeting at det leverte utstyret er fritt for feil og mangler i en garantiperiode p\u00e5 12 m\u00e5neder.<\/p>\n<p>Easymeetings garantiansvar dekker ikke forhold som ulykke, brann, lynnedslag, overspenning, statisk elektrisitet, vannskader, milj\u00f8\/klimaforhold som faller utenfor spesifikasjonene, eller skader som er for\u00e5rsaket i forbindelse med byggearbeider.<\/p>\n<p>Vi er heller ikke ansvarlig dersom leveransen blir utsatt for unormal eller uautorisert bruk. Vi er heller ikke ansvarlige dersom kunden foretar endringer, modifikasjoner, sammenkobling med annet utstyr, vedlikehold etc. som ikke er godkjent av Easymeeting.<\/p>\n<p>&nbsp;<\/p>\n<p>Kunden plikter \u00e5 unders\u00f8ke varen umiddelbart ved mottak, uavhengig av hvordan varen er innpakket. Reklamasjon skal skje skriftlig og v\u00e6re Easymeeting i hende innen 3 uker etter at kunden har mottatt varen.<\/p>\n<p>&nbsp;<\/p>\n<p>Dersom Kunden oppdager mangler, m\u00e5 Kunden uten ugrunnet opphold, og med en absolutt reklamasjonsfrist p\u00e5 12 m\u00e5neder, reklamere skriftlig til Easymeeting.<\/p>\n<p>&nbsp;<\/p>\n<p>Hvis det er en mangel ved levering, dekker Easymeeting kostnadene forbundet med garantien, med unntak av frakt og forsikring i forbindelse med transport av utstyret fra kunden til den adressen Easymeeting oppgir for utbedring\/reparasjon.<\/p>\n<p>&nbsp;<\/p>\n<p>Vi har rett til, etter eget valg, enten \u00e5 foreta reparasjon\/retting, omlevering eller gi et forholdsmessig prisavslag. Ved reparasjon\/utbedring gis det ikke prisavslag. Utbedring under garantien vil skje innenfor normal arbeidstid. Dersom kunden \u00f8nsker retting utenfor normal arbeidstid, kan dette avtales med Easymeeting. Da vil ordin\u00e6r timepris gjelde for denne type arbeid.<\/p>\n<p>&nbsp;<\/p>\n<p>Ved retur i garantiperioden m\u00e5 varene returneres i samme stand som ved levering, i originalemballasjen uten skader eller lignende.<\/p>\n<p>&nbsp;<\/p>\n<p>Dersom en leveranse er mangelfull eller skadet, har Kunden ogs\u00e5 rett til erstatning for sitt tap. Easymeeting er likevel ikke ansvarlig, uansett grunnlag eller grad av uaktsomhet, for kundens indirekte tap og f\u00f8lgeskader, som drifts- og forskuddstap, tap av goodwill, tap av forventede besparelser og lignende, og Easymeeting fraskriver seg ethvert ansvar for tap av data, programvare, bios eller kostnader for reetablering av dette.<\/p>\n<p>&nbsp;<\/p>\n<h3>RETUR<\/h3>\n<p>Kunden har ingen returrett. Vi tar kun varer i retur etter forutg\u00e5ende skriftlig avtale, og forutsatt at f\u00f8lgende betingelser er oppfylt; Returvarer m\u00e5 v\u00e6re uskadet i ubrutt originalemballasje med originalt fakturanummer og dato p\u00e5f\u00f8rt.<\/p>\n<p>&nbsp;<\/p>\n<p>Vi forbeholder oss retten til, ved kreditering, \u00e5 trekke et returgebyr p\u00e5 15% fra fakturav\u00e6rdien, minimum NOK 1000 eks. mva.<\/p>\n<p>&nbsp;<\/p>\n<p>&nbsp;<\/p>\n<h3>TILGJENGELIGHET, FEIL OG UN\u00d8YAKTIGHETER<\/h3>\n<p>Vi oppdaterer kontinuerlig v\u00e5re produkter og tjenester p\u00e5 nettstedet. Produkter og tjenester som er tilgjengelige p\u00e5 nettstedet v\u00e5rt, kan ha feil pris, v\u00e6re un\u00f8yaktig beskrevet eller v\u00e6re utilgjengelige, og vi kan oppleve forsinkelser i oppdateringen av informasjon om tjenester og produkter i annonseringen v\u00e5r p\u00e5 andre nettsteder.<\/p>\n<p>&nbsp;<\/p>\n<p>Vi kan ikke garantere at all informasjon, inkludert priser, produktbilder, spesifikasjoner, tilgjengelighet og tjenester, er feilfri. Vi forbeholder oss retten til \u00e5 endre eller oppdatere informasjon, og til \u00e5 korrigere feil, un\u00f8yaktigheter eller utelatelser n\u00e5r som helst, uten forvarsel.<\/p>\n<p>&nbsp;<\/p>\n<h3>ABONNEMENT<\/h3>\n<p>Abonnementer og faste tjenester faktureres p\u00e5 forh\u00e5nd og periodisk, enten m\u00e5nedlig, kvartalsvis eller \u00e5rlig, avhengig av hvilket abonnement du velger ved kj\u00f8p.<\/p>\n<p>&nbsp;<\/p>\n<p>Abonnementet ditt fornyes automatisk p\u00e5 n\u00f8yaktig samme vilk\u00e5r ved slutten av hver faktureringsperiode, med mindre du eller vi sier det opp. Du kan si opp abonnementet ditt enten via administrasjonssiden din eller ved \u00e5 sende en e-post til\u00a0<a href=\"mailto:support@nattugla.no\" target=\"_blank\" rel=\"noopener noreferrer\">support@nattugla.no<\/a>.<\/p>\n<p>&nbsp;<\/p>\n<p>En gyldig betalingsmetode, inkludert kredittkort, er n\u00f8dvendig for \u00e5 behandle betalingen for abonnementet ditt. Du m\u00e5 gi oss n\u00f8yaktig og fullstendig faktureringsinformasjon, inkludert fullt navn, adresse, postnummer, by, telefonnummer og en gyldig betalingsm\u00e5te. Ved \u00e5 sende inn slik betalingsinformasjon, autoriserer du automatisk Easymeeting AS til \u00e5 belaste alle abonnementsavgifter via den valgte betalingsm\u00e5ten.<\/p>\n<p>&nbsp;<\/p>\n<p>Dersom automatisk betaling av en eller annen grunn ikke gjennomf\u00f8res, vil Easymeeting AS sende ut elektronisk(e) faktura(er) med beskjed om at du m\u00e5 betale via faktura innen en gitt dato for fortsatt \u00e5 kunne benytte deg av tjenesten(e).<\/p>\n<p>&nbsp;<\/p>\n<h3>GRATIS PR\u00d8VEPERIODE<\/h3>\n<p>Easymeeting AS kan tilby et abonnement med en gratis pr\u00f8veperiode i en begrenset periode.<\/p>\n<p>&nbsp;<\/p>\n<p>Du kan bli bedt om \u00e5 oppgi faktureringsinformasjon ved registrering for en gratis pr\u00f8veperiode.<\/p>\n<p>&nbsp;<\/p>\n<p>Hvis du oppgir faktureringsinformasjon n\u00e5r du registrerer deg for den gratis pr\u00f8veperioden, vil du ikke bli belastet f\u00f8r den gratis pr\u00f8veperioden er utl\u00f8pt. Du vil automatisk bli belastet avgiften for det valgte abonnementet den siste dagen i pr\u00f8veperioden, med mindre du har sagt opp abonnementet.<\/p>\n<p>&nbsp;<\/p>\n<p>Easymeeting AS forbeholder seg retten til n\u00e5r som helst og uten forvarsel \u00e5 endre vilk\u00e5rene og betingelsene for det gratis pr\u00f8vetilbudet eller \u00e5 kansellere det gratis pr\u00f8vetilbudet.<\/p>\n<h3><\/h3>\n<p>&nbsp;<\/p>\n<h3>PRISENDRING<\/h3>\n<p>Easymeeting AS kan n\u00e5r som helst endre pris(er). Enhver endring av abonnementsavgiften(e) vil tre i kraft ved neste faktureringsperiode.<\/p>\n<p>&nbsp;<\/p>\n<p>Easymeeting vil gi deg rimelig forh\u00e5ndsvarsel om eventuelle prisendringer, slik at du har mulighet til \u00e5 si opp abonnementet ditt f\u00f8r en slik endring trer i kraft.<\/p>\n<p>&nbsp;<\/p>\n<p>Fortsatt bruk av tjenesten(e) etter at prisendringen har tr\u00e5dt i kraft, forutsetter at du betaler for det endrede abonnementet innen den angitte fristen.<\/p>\n<p>&nbsp;<\/p>\n<h3>REFUNDERING<\/h3>\n<p>Foresp\u00f8rsler om refusjon av abonnementer og tjenester vil bli vurdert av Easymeeting AS.<\/p>\n<h3><\/h3>\n<p>&nbsp;<\/p>\n<h3>INNHOLD<\/h3>\n<p>Tjenesten v\u00e5r lar deg legge ut, lenke, lagre, dele og p\u00e5 annen m\u00e5te gj\u00f8re informasjon, tekst, grafikk, videoer eller annet materiale (\u201cInnhold\u201d) tilgjengelig. Du er ansvarlig for innholdet du legger ut p\u00e5 Tjenesten, inkludert dets lovlighet, p\u00e5litelighet og hensiktsmessighet.<\/p>\n<p>&nbsp;<\/p>\n<p>Du representerer og garanterer at: Innholdet er ditt (du eier det) eller at du har rett til \u00e5 bruke det, og at publisering av innholdet p\u00e5 eller gjennom v\u00e5re tjenester ikke krenker personvernloven, publisitetsrettigheter, opphavsrett eller andre personers rettigheter.<\/p>\n<h3><\/h3>\n<p>&nbsp;<\/p>\n<h3>DIN KONTO<\/h3>\n<p>N\u00e5r du oppretter en konto hos oss, m\u00e5 du alltid oppgi informasjon som er n\u00f8yaktig, fullstendig og oppdatert. Hvis du ikke gj\u00f8r dette, bryter du vilk\u00e5rene og betingelsene, og kontoen din kan bli kansellert umiddelbart.<\/p>\n<p>&nbsp;<\/p>\n<p>Du er ansvarlig for \u00e5 beskytte passordet du bruker for \u00e5 f\u00e5 tilgang til tjenesten(e) og for alle aktiviteter eller handlinger under passordet ditt, enten passordet ditt er p\u00e5 en av v\u00e5re tjenester eller hos en tredjepartstjeneste.<\/p>\n<p>&nbsp;<\/p>\n<p>Du samtykker i \u00e5 ikke avsl\u00f8re passordet ditt til tredjeparter. Du m\u00e5 varsle oss umiddelbart hvis du oppdager brudd p\u00e5 sikkerheten eller uautorisert bruk av kontoen din.<\/p>\n<p>&nbsp;<\/p>\n<p>Du kan ikke bruke f\u00f8lgende brukernavn: en annen persons navn eller enhet som ikke er lovlig tilgjengelig, et navn eller varemerke som er underlagt en annen persons rettigheter uten autorisasjon, eller et navn som er st\u00f8tende, vulg\u00e6rt eller uanstendig.<\/p>\n<h3><\/h3>\n<p>&nbsp;<\/p>\n<h3>INTELLEKTUELL EIENDOM<\/h3>\n<p>Tjenesten og dens originale innhold (med unntak av innhold levert av brukere), funksjoner og funksjonalitet er og forblir Easymeeting AS og dets lisensgiveres eksklusive eiendom. Tjenesten er beskyttet av opphavsrett, varemerker og andre lover som gjelder b\u00e5de i Norge og i utlandet. V\u00e5re varemerker og logoer kan ikke brukes i forbindelse med produkter eller tjenester uten skriftlig forh\u00e5ndssamtykke fra Easymeeting AS.<\/p>\n<h3><\/h3>\n<p>&nbsp;<\/p>\n<h3>LENKER TIL ANDRE NETTSTEDER<\/h3>\n<p>V\u00e5re tjenester kan inneholde lenker til tredjeparts nettsteder eller tjenester som ikke eies eller kontrolleres av Easymeeting AS.<\/p>\n<p>&nbsp;<\/p>\n<p>Easymeeting AS har ingen kontroll over og p\u00e5tar seg ikke ansvar for innhold, personvernregler eller praksis p\u00e5 tredjeparts nettsteder eller tjenester. Du erkjenner og godtar at Easymeeting AS ikke er ansvarlig, direkte eller indirekte, for skader eller tap for\u00e5rsaket eller p\u00e5st\u00e5tt \u00e5 v\u00e6re for\u00e5rsaket av eller i forbindelse med bruk eller avhengighet av slikt innhold, varer eller tjenester som er tilgjengelige via slike nettsteder eller tjenester.<\/p>\n<p>&nbsp;<\/p>\n<p>Vi oppfordrer deg p\u00e5 det sterkeste til \u00e5 lese vilk\u00e5rene og personvernerkl\u00e6ringene til tredjeparts nettsteder eller tjenester du bes\u00f8ker.<\/p>\n<h3><\/h3>\n<p>&nbsp;<\/p>\n<h3>AVSLUTNING<\/h3>\n<p>Vi kan avslutte eller suspendere kontoen din umiddelbart, uten varsel eller ansvar, uansett grunn, inkludert, men ikke begrenset til, hvis du bryter vilk\u00e5rene.<\/p>\n<p>&nbsp;<\/p>\n<p>Avbestilling eller oppsigelse av abonnement m\u00e5 v\u00e6re mottatt skriftlig senest 3 m\u00e5neder f\u00f8r neste faktureringsperiode.<\/p>\n<h3><\/h3>\n<p>&nbsp;<\/p>\n<h3>ANSVARSBEGRENSNING<\/h3>\n<p>Easymeeting AS, eller dets styremedlemmer, ansatte, partnere, agenter, leverand\u00f8rer eller tilknyttede selskaper, skal under ingen omstendigheter v\u00e6re ansvarlig for indirekte, tilfeldige, spesielle, f\u00f8lgeskader eller straffeskade, inkludert uten begrensning, tap av service, data, bruk, goodwill eller andre immaterielle tap, som f\u00f8lge av (i) din tilgang til eller bruk av eller manglende evne til \u00e5 f\u00e5 tilgang til eller bruke Tjenesten; (ii) tredjeparts oppf\u00f8rsel eller innhold p\u00e5 Tjenesten; (iii) innhold innhentet fra Tjenesten; og (iv) uautorisert tilgang, bruk eller endring av dine overf\u00f8ringer eller innhold, enten det er basert p\u00e5 garanti, kontrakt, erstatning (inkludert uaktsomhet) eller annen juridisk teori, uansett om vi har blitt informert om muligheten for slik skade eller ikke, og til og med hvis noen av de rettsmidlene som er beskrevet her, viser seg \u00e5 ha sviktet i sitt vesentlige form\u00e5l.<\/p>\n<h3><\/h3>\n<p>&nbsp;<\/p>\n<h3>ANSVARSFRASKRIVELSE<\/h3>\n<p>Din bruk av tjenesten skjer p\u00e5 egen risiko. Tjenesten leveres \u201cSOM DEN ER\u201d og \u201cSOM TILGJENGELIG\u201d. Tjenesten leveres uten garantier av noe slag, verken uttrykkelige eller underforst\u00e5tte, inkludert, men ikke begrenset til, underforst\u00e5tte garantier for salgbarhet, egnethet for et bestemt form\u00e5l, ikke-krenkelse eller ytelse.<\/p>\n<p>&nbsp;<\/p>\n<p>Easymeeting AS sine datterselskaper, tilknyttede selskaper og lisensgivere garanterer ikke at a) tjenesten vil fungere uavbrutt, sikker eller tilgjengelig til enhver tid eller p\u00e5 ethvert sted; b) eventuelle feil eller mangler vil bli rettet umiddelbart; c) tjenesten er fri for virus eller andre skadelige komponenter; eller d) resultatene av \u00e5 bruke tjenesten oppfyller dine krav.<\/p>\n<h3><\/h3>\n<p>&nbsp;<\/p>\n<h3>GJELDENDE LOV<\/h3>\n<p>Disse vilk\u00e5rene skal reguleres av og tolkes i samsvar med norsk lov, uten hensyn til motstrid med lovbestemmelser.<\/p>\n<p>&nbsp;<\/p>\n<p>V\u00e5r unnlatelse av \u00e5 h\u00e5ndheve en rettighet eller bestemmelse i disse vilk\u00e5rene vil ikke bli tolket som et frafall av disse rettighetene. Hvis en bestemmelse i disse vilk\u00e5rene anses ugyldig eller ikke kan h\u00e5ndheves av en domstol, vil de gjenv\u00e6rende bestemmelsene i disse vilk\u00e5rene forbli i kraft. Disse vilk\u00e5rene utgj\u00f8r hele avtalen mellom oss ang\u00e5ende v\u00e5re tjenester, og erstatter alle tidligere avtaler.<\/p>\n<h3><\/h3>\n<p>&nbsp;<\/p>\n<h3>ENDRINGER I V\u00c5RE VILK\u00c5R<\/h3>\n<p>Vi kan oppdatere vilk\u00e5rene v\u00e5re etter behov. Vi vil varsle deg om endringer ved \u00e5 legge ut de nye vilk\u00e5rene p\u00e5 denne siden og oppdatere \u201csist oppdatert\u201d \u00f8verst i disse vilk\u00e5rene.<\/p>\n<p>&nbsp;<\/p>\n<p>Du b\u00f8r lese gjennom disse vilk\u00e5rene regelmessig for \u00e5 se etter eventuelle endringer. Endringer i disse vilk\u00e5rene vil tre i kraft n\u00e5r de legges ut p\u00e5 dette nettstedet.<\/p>\n<p>&nbsp;<\/p>\n<p>Ved \u00e5 bruke tjenesten v\u00e5r etter at disse endringene trer i kraft, godtar du \u00e5 v\u00e6re bundet av de reviderte vilk\u00e5rene. Hvis du ikke godtar de nye vilk\u00e5rene, kan du slutte \u00e5 bruke tjenesten.<\/p>\n<h3><\/h3>\n<p>&nbsp;<\/p>\n<h3>KONTAKT OSS<\/h3>\n<p>Hvis du har sp\u00f8rsm\u00e5l om disse vilk\u00e5rene, kan du kontakte oss.<\/p>\n<p>&nbsp;<\/p>\n<p><strong>E-post:<\/strong>\u00a0<a href=\"mailto:support@nattugla.no\" target=\"_blank\" rel=\"noopener noreferrer\">support@nattugla.no<\/a><\/p>\n<p>&nbsp;<\/p>\n<p><strong>Mail:<\/strong>\u00a0Easymeeting AS, Sykehusvegen 21\/23, 9019 Troms\u00f8, Norge<\/p>","protected":false},"excerpt":{"rendered":"<p>These terms (&#8220;Terms and Conditions&#8221;) govern your relationship with the\u00a0https:\/\/nattugla.no website and mobile applications (&#8220;Services&#8221;) operated by Easymeeting AS (&#8220;us&#8221;, &#8220;we&#8221;, or &#8220;our&#8221;). Please read these terms carefully before using our sites and services. Access to and use of our services is subject to your acceptance and compliance with these terms. These terms apply to [&hellip;]<\/p>\n","protected":false},"author":2,"featured_media":0,"parent":0,"menu_order":0,"comment_status":"closed","ping_status":"closed","template":"template-policies.php","meta":{"_acf_changed":false,"inline_featured_image":false,"footnotes":""},"class_list":["post-990","page","type-page","status-publish","hentry"],"acf":[],"yoast_head":"<!-- This site is optimized with the Yoast SEO plugin v26.9 - https:\/\/yoast.com\/product\/yoast-seo-wordpress\/ -->\n<title>Terms and Conditions | Nattugla<\/title>\n<meta name=\"description\" content=\"Nattugla terms and conditions: purchases, warranties, subscriptions and service agreements for AI-powered care cameras in elderly care.\" \/>\n<meta name=\"robots\" content=\"index, follow, max-snippet:-1, max-image-preview:large, max-video-preview:-1\" \/>\n<link rel=\"canonical\" href=\"https:\/\/nattugla.no\/nb\/vilkar-og-betingelser\/\" \/>\n<meta property=\"og:locale\" content=\"nb_NO\" \/>\n<meta property=\"og:type\" content=\"article\" \/>\n<meta property=\"og:title\" content=\"Terms and Conditions | Nattugla\" \/>\n<meta property=\"og:description\" content=\"Nattugla terms and conditions: purchases, warranties, subscriptions and service agreements for AI-powered care cameras in elderly care.\" \/>\n<meta property=\"og:url\" content=\"https:\/\/nattugla.no\/nb\/vilkar-og-betingelser\/\" \/>\n<meta property=\"og:site_name\" content=\"Nattugla\" \/>\n<meta property=\"article:modified_time\" content=\"2026-01-26T12:08:16+00:00\" \/>\n<meta name=\"twitter:card\" content=\"summary_large_image\" \/>\n<meta name=\"twitter:label1\" content=\"Est. reading time\" \/>\n\t<meta name=\"twitter:data1\" content=\"9 minutter\" \/>\n<script type=\"application\/ld+json\" class=\"yoast-schema-graph\">{\"@context\":\"https:\/\/schema.org\",\"@graph\":[{\"@type\":\"WebPage\",\"@id\":\"https:\/\/nattugla.no\/terms-and-conditions\/\",\"url\":\"https:\/\/nattugla.no\/terms-and-conditions\/\",\"name\":\"Terms and Conditions | Nattugla\",\"isPartOf\":{\"@id\":\"https:\/\/nattugla.no\/#website\"},\"datePublished\":\"2025-10-13T10:35:10+00:00\",\"dateModified\":\"2026-01-26T12:08:16+00:00\",\"description\":\"Nattugla terms and conditions: purchases, warranties, subscriptions and service agreements for AI-powered care cameras in elderly care.\",\"breadcrumb\":{\"@id\":\"https:\/\/nattugla.no\/terms-and-conditions\/#breadcrumb\"},\"inLanguage\":\"nb-NO\",\"potentialAction\":[{\"@type\":\"ReadAction\",\"target\":[\"https:\/\/nattugla.no\/terms-and-conditions\/\"]}]},{\"@type\":\"BreadcrumbList\",\"@id\":\"https:\/\/nattugla.no\/terms-and-conditions\/#breadcrumb\",\"itemListElement\":[{\"@type\":\"ListItem\",\"position\":1,\"name\":\"Home\",\"item\":\"https:\/\/nattugla.no\/\"},{\"@type\":\"ListItem\",\"position\":2,\"name\":\"Terms and Conditions\"}]},{\"@type\":\"WebSite\",\"@id\":\"https:\/\/nattugla.no\/#website\",\"url\":\"https:\/\/nattugla.no\/\",\"name\":\"Nattugla\",\"description\":\"\",\"potentialAction\":[{\"@type\":\"SearchAction\",\"target\":{\"@type\":\"EntryPoint\",\"urlTemplate\":\"https:\/\/nattugla.no\/?s={search_term_string}\"},\"query-input\":{\"@type\":\"PropertyValueSpecification\",\"valueRequired\":true,\"valueName\":\"search_term_string\"}}],\"inLanguage\":\"nb-NO\"}]}<\/script>\n<!-- \/ Yoast SEO plugin. -->","yoast_head_json":{"title":"Vilk\u00e5r og betingelser | Nattugla","description":"Nattuglas vilk\u00e5r og betingelser: kj\u00f8p, garantier, abonnementer og serviceavtaler for AI-drevne omsorgskameraer i eldreomsorgen.","robots":{"index":"index","follow":"follow","max-snippet":"max-snippet:-1","max-image-preview":"max-image-preview:large","max-video-preview":"max-video-preview:-1"},"canonical":"https:\/\/nattugla.no\/nb\/vilkar-og-betingelser\/","og_locale":"nb_NO","og_type":"article","og_title":"Terms and Conditions | Nattugla","og_description":"Nattugla terms and conditions: purchases, warranties, subscriptions and service agreements for AI-powered care cameras in elderly care.","og_url":"https:\/\/nattugla.no\/nb\/vilkar-og-betingelser\/","og_site_name":"Nattugla","article_modified_time":"2026-01-26T12:08:16+00:00","twitter_card":"summary_large_image","twitter_misc":{"Est. reading time":"9 minutter"},"schema":{"@context":"https:\/\/schema.org","@graph":[{"@type":"WebPage","@id":"https:\/\/nattugla.no\/terms-and-conditions\/","url":"https:\/\/nattugla.no\/terms-and-conditions\/","name":"Vilk\u00e5r og betingelser | Nattugla","isPartOf":{"@id":"https:\/\/nattugla.no\/#website"},"datePublished":"2025-10-13T10:35:10+00:00","dateModified":"2026-01-26T12:08:16+00:00","description":"Nattuglas vilk\u00e5r og betingelser: kj\u00f8p, garantier, abonnementer og serviceavtaler for AI-drevne omsorgskameraer i eldreomsorgen.","breadcrumb":{"@id":"https:\/\/nattugla.no\/terms-and-conditions\/#breadcrumb"},"inLanguage":"nb-NO","potentialAction":[{"@type":"ReadAction","target":["https:\/\/nattugla.no\/terms-and-conditions\/"]}]},{"@type":"BreadcrumbList","@id":"https:\/\/nattugla.no\/terms-and-conditions\/#breadcrumb","itemListElement":[{"@type":"ListItem","position":1,"name":"Home","item":"https:\/\/nattugla.no\/"},{"@type":"ListItem","position":2,"name":"Terms and Conditions"}]},{"@type":"WebSite","@id":"https:\/\/nattugla.no\/#website","url":"https:\/\/nattugla.no\/","name":"Nattugla","description":"","potentialAction":[{"@type":"SearchAction","target":{"@type":"EntryPoint","urlTemplate":"https:\/\/nattugla.no\/?s={search_term_string}"},"query-input":{"@type":"PropertyValueSpecification","valueRequired":true,"valueName":"search_term_string"}}],"inLanguage":"nb-NO"}]}},"_links":{"self":[{"href":"https:\/\/nattugla.no\/nb\/wp-json\/wp\/v2\/pages\/990","targetHints":{"allow":["GET"]}}],"collection":[{"href":"https:\/\/nattugla.no\/nb\/wp-json\/wp\/v2\/pages"}],"about":[{"href":"https:\/\/nattugla.no\/nb\/wp-json\/wp\/v2\/types\/page"}],"author":[{"embeddable":true,"href":"https:\/\/nattugla.no\/nb\/wp-json\/wp\/v2\/users\/2"}],"replies":[{"embeddable":true,"href":"https:\/\/nattugla.no\/nb\/wp-json\/wp\/v2\/comments?post=990"}],"version-history":[{"count":0,"href":"https:\/\/nattugla.no\/nb\/wp-json\/wp\/v2\/pages\/990\/revisions"}],"wp:attachment":[{"href":"https:\/\/nattugla.no\/nb\/wp-json\/wp\/v2\/media?parent=990"}],"curies":[{"name":"wp","href":"https:\/\/api.w.org\/{rel}","templated":true}]}}