{"id":989,"date":"2025-10-13T10:34:30","date_gmt":"2025-10-13T10:34:30","guid":{"rendered":"https:\/\/nattugladev.wpenginepowered.com\/?page_id=989"},"modified":"2026-01-26T12:43:46","modified_gmt":"2026-01-26T12:43:46","slug":"datenschutzrichtlinie","status":"publish","type":"page","link":"https:\/\/nattugla.no\/de\/datenschutzrichtlinie\/","title":{"rendered":"Datenschutzbestimmungen"},"content":{"rendered":"<h3>Politik<\/h3>\n<p><span style=\"font-weight: 300;\">Wir erfassen und speichern Ihre Anmeldedaten nur, wenn Sie Nattugla verwenden.<\/span><\/p>\n<p>&nbsp;<\/p>\n<p><strong>Nattugla wird Besuchsprotokoll, Ereignisprotokoll und Alarmprotokoll Informationen speichern wie:<\/strong><\/p>\n<ul>\n<li style=\"list-style-type: none;\">\n<ul>\n<li style=\"font-weight: 300;\" aria-level=\"1\"><span style=\"font-weight: 300;\">\u00c4nderungen, die von einem Administrator an Ihrer nattugla-Dom\u00e4ne vorgenommen wurden. ( <\/span><i><span style=\"font-weight: 300;\">Ereignisprotokoll<\/span><\/i><span style=\"font-weight: 300;\">)<\/span><\/li>\n<li style=\"font-weight: 300;\" aria-level=\"1\"><span style=\"font-weight: 300;\">Aufsicht erledigt <\/span><i><span style=\"font-weight: 300;\">Besuchs\u00fcbersicht<\/span><\/i><span style=\"font-weight: 300;\">) ( <\/span><b>18 Monate gelagert<\/b><span style=\"font-weight: 300;\">)<\/span>\n<ul>\n<li style=\"font-weight: 300;\" aria-level=\"2\"><span style=\"font-weight: 300;\">Wer hat die Betreuung des Patienten begonnen?<\/span><\/li>\n<li style=\"font-weight: 300;\" aria-level=\"2\"><span style=\"font-weight: 300;\">Anonymisierung entfernt<\/span><\/li>\n<li style=\"font-weight: 300;\" aria-level=\"2\"><span style=\"font-weight: 300;\">Audio aktiviert<\/span><\/li>\n<li style=\"font-weight: 300;\" aria-level=\"2\"><span style=\"font-weight: 300;\">\u00dcberpr\u00fcfung der M\u00f6belscans<\/span><\/li>\n<li style=\"font-weight: 300;\" aria-level=\"2\"><span style=\"font-weight: 300;\">Dauer der Aufsicht<\/span><\/li>\n<\/ul>\n<\/li>\n<\/ul>\n<\/li>\n<\/ul>\n<ul>\n<li style=\"list-style-type: none;\">\n<ul>\n<li style=\"font-weight: 300;\" aria-level=\"1\"><i><span style=\"font-weight: 300;\">Alarmprotokoll<\/span><\/i><\/li>\n<\/ul>\n<\/li>\n<\/ul>\n<ul>\n<li style=\"list-style-type: none;\">\n<ul>\n<li style=\"list-style-type: none;\">\n<ul>\n<li style=\"font-weight: 300;\" aria-level=\"2\"><span style=\"font-weight: 300;\">Welcher Alarm wurde bei Patienten ausgel\u00f6st und um wie viel Uhr<\/span><\/li>\n<\/ul>\n<\/li>\n<\/ul>\n<\/li>\n<\/ul>\n<p>&nbsp;<\/p>","protected":false},"excerpt":{"rendered":"<p>Policy We only collect and store your login information, when using Nattugla. &nbsp; Nattugla visitlog, eventlog\u00a0 and alarmlog will store information like: Changes done by an administrator to you nattugla domene. ( Eventlog) Supervision done ( Visitlog) ( Stored for 18 months) Who started the supervision to patient Anonymization removed Audio activated Check of furniture [&hellip;]<\/p>\n","protected":false},"author":2,"featured_media":0,"parent":0,"menu_order":0,"comment_status":"closed","ping_status":"closed","template":"template-policies.php","meta":{"_acf_changed":false,"inline_featured_image":false,"footnotes":""},"class_list":["post-989","page","type-page","status-publish","hentry"],"acf":[],"yoast_head":"<!-- This site is optimized with the Yoast SEO plugin v26.9 - https:\/\/yoast.com\/product\/yoast-seo-wordpress\/ -->\n<title>Privacy Policy | Nattugla<\/title>\n<meta name=\"description\" content=\"Nattugla privacy policy: how we collect, store and protect your data. Visit logs, event logs and alarm logs.\" \/>\n<meta name=\"robots\" content=\"index, follow, max-snippet:-1, max-image-preview:large, max-video-preview:-1\" \/>\n<link rel=\"canonical\" href=\"https:\/\/nattugla.no\/de\/datenschutzrichtlinie\/\" \/>\n<meta property=\"og:locale\" content=\"de_DE\" \/>\n<meta property=\"og:type\" content=\"article\" \/>\n<meta property=\"og:title\" content=\"Privacy Policy | Nattugla\" \/>\n<meta property=\"og:description\" content=\"Nattugla privacy policy: how we collect, store and protect your data. Visit logs, event logs and alarm logs.\" \/>\n<meta property=\"og:url\" content=\"https:\/\/nattugla.no\/de\/datenschutzrichtlinie\/\" \/>\n<meta property=\"og:site_name\" content=\"Nattugla\" \/>\n<meta property=\"article:modified_time\" content=\"2026-01-26T12:43:46+00:00\" \/>\n<meta name=\"twitter:card\" content=\"summary_large_image\" \/>\n<meta name=\"twitter:label1\" content=\"Est. reading time\" \/>\n\t<meta name=\"twitter:data1\" content=\"1\u00a0Minute\" \/>\n<script type=\"application\/ld+json\" class=\"yoast-schema-graph\">{\"@context\":\"https:\/\/schema.org\",\"@graph\":[{\"@type\":\"WebPage\",\"@id\":\"https:\/\/nattugla.no\/privacy-policy\/\",\"url\":\"https:\/\/nattugla.no\/privacy-policy\/\",\"name\":\"Privacy Policy | Nattugla\",\"isPartOf\":{\"@id\":\"https:\/\/nattugla.no\/#website\"},\"datePublished\":\"2025-10-13T10:34:30+00:00\",\"dateModified\":\"2026-01-26T12:43:46+00:00\",\"description\":\"Nattugla privacy policy: how we collect, store and protect your data. Visit logs, event logs and alarm logs.\",\"breadcrumb\":{\"@id\":\"https:\/\/nattugla.no\/privacy-policy\/#breadcrumb\"},\"inLanguage\":\"de\",\"potentialAction\":[{\"@type\":\"ReadAction\",\"target\":[\"https:\/\/nattugla.no\/privacy-policy\/\"]}]},{\"@type\":\"BreadcrumbList\",\"@id\":\"https:\/\/nattugla.no\/privacy-policy\/#breadcrumb\",\"itemListElement\":[{\"@type\":\"ListItem\",\"position\":1,\"name\":\"Home\",\"item\":\"https:\/\/nattugla.no\/\"},{\"@type\":\"ListItem\",\"position\":2,\"name\":\"Privacy Policy\"}]},{\"@type\":\"WebSite\",\"@id\":\"https:\/\/nattugla.no\/#website\",\"url\":\"https:\/\/nattugla.no\/\",\"name\":\"Nattugla\",\"description\":\"\",\"potentialAction\":[{\"@type\":\"SearchAction\",\"target\":{\"@type\":\"EntryPoint\",\"urlTemplate\":\"https:\/\/nattugla.no\/?s={search_term_string}\"},\"query-input\":{\"@type\":\"PropertyValueSpecification\",\"valueRequired\":true,\"valueName\":\"search_term_string\"}}],\"inLanguage\":\"de\"}]}<\/script>\n<!-- \/ Yoast SEO plugin. -->","yoast_head_json":{"title":"Datenschutzbestimmungen | Nattugla","description":"Datenschutzerkl\u00e4rung von Nattugla: Wie wir Ihre Daten sammeln, speichern und sch\u00fctzen. Besuchsprotokolle, Ereignisprotokolle und Alarmprotokolle.","robots":{"index":"index","follow":"follow","max-snippet":"max-snippet:-1","max-image-preview":"max-image-preview:large","max-video-preview":"max-video-preview:-1"},"canonical":"https:\/\/nattugla.no\/de\/datenschutzrichtlinie\/","og_locale":"de_DE","og_type":"article","og_title":"Privacy Policy | Nattugla","og_description":"Nattugla privacy policy: how we collect, store and protect your data. Visit logs, event logs and alarm logs.","og_url":"https:\/\/nattugla.no\/de\/datenschutzrichtlinie\/","og_site_name":"Nattugla","article_modified_time":"2026-01-26T12:43:46+00:00","twitter_card":"summary_large_image","twitter_misc":{"Est. reading time":"1\u00a0Minute"},"schema":{"@context":"https:\/\/schema.org","@graph":[{"@type":"WebPage","@id":"https:\/\/nattugla.no\/privacy-policy\/","url":"https:\/\/nattugla.no\/privacy-policy\/","name":"Datenschutzbestimmungen | Nattugla","isPartOf":{"@id":"https:\/\/nattugla.no\/#website"},"datePublished":"2025-10-13T10:34:30+00:00","dateModified":"2026-01-26T12:43:46+00:00","description":"Datenschutzerkl\u00e4rung von Nattugla: Wie wir Ihre Daten sammeln, speichern und sch\u00fctzen. Besuchsprotokolle, Ereignisprotokolle und Alarmprotokolle.","breadcrumb":{"@id":"https:\/\/nattugla.no\/privacy-policy\/#breadcrumb"},"inLanguage":"de","potentialAction":[{"@type":"ReadAction","target":["https:\/\/nattugla.no\/privacy-policy\/"]}]},{"@type":"BreadcrumbList","@id":"https:\/\/nattugla.no\/privacy-policy\/#breadcrumb","itemListElement":[{"@type":"ListItem","position":1,"name":"Home","item":"https:\/\/nattugla.no\/"},{"@type":"ListItem","position":2,"name":"Privacy Policy"}]},{"@type":"WebSite","@id":"https:\/\/nattugla.no\/#website","url":"https:\/\/nattugla.no\/","name":"Nattugla","description":"","potentialAction":[{"@type":"SearchAction","target":{"@type":"EntryPoint","urlTemplate":"https:\/\/nattugla.no\/?s={search_term_string}"},"query-input":{"@type":"PropertyValueSpecification","valueRequired":true,"valueName":"search_term_string"}}],"inLanguage":"de"}]}},"_links":{"self":[{"href":"https:\/\/nattugla.no\/de\/wp-json\/wp\/v2\/pages\/989","targetHints":{"allow":["GET"]}}],"collection":[{"href":"https:\/\/nattugla.no\/de\/wp-json\/wp\/v2\/pages"}],"about":[{"href":"https:\/\/nattugla.no\/de\/wp-json\/wp\/v2\/types\/page"}],"author":[{"embeddable":true,"href":"https:\/\/nattugla.no\/de\/wp-json\/wp\/v2\/users\/2"}],"replies":[{"embeddable":true,"href":"https:\/\/nattugla.no\/de\/wp-json\/wp\/v2\/comments?post=989"}],"version-history":[{"count":0,"href":"https:\/\/nattugla.no\/de\/wp-json\/wp\/v2\/pages\/989\/revisions"}],"wp:attachment":[{"href":"https:\/\/nattugla.no\/de\/wp-json\/wp\/v2\/media?parent=989"}],"curies":[{"name":"wp","href":"https:\/\/api.w.org\/{rel}","templated":true}]}}