{"id":401,"date":"2025-08-27T11:33:37","date_gmt":"2025-08-27T11:33:37","guid":{"rendered":"https:\/\/nattugladev.wpenginepowered.com\/?page_id=401"},"modified":"2026-02-11T11:19:02","modified_gmt":"2026-02-11T11:19:02","slug":"faq_fur_nattugla","status":"publish","type":"page","link":"https:\/\/nattugla.no\/de\/faq_fur_nattugla\/","title":{"rendered":"FAQ"},"content":{"rendered":"","protected":false},"excerpt":{"rendered":"","protected":false},"author":2,"featured_media":0,"parent":0,"menu_order":0,"comment_status":"closed","ping_status":"closed","template":"template-faq.php","meta":{"_acf_changed":false,"inline_featured_image":false,"footnotes":""},"class_list":["post-401","page","type-page","status-publish","hentry"],"acf":[],"yoast_head":"<!-- This site is optimized with the Yoast SEO plugin v26.9 - https:\/\/yoast.com\/product\/yoast-seo-wordpress\/ -->\n<title>FAQ - Nattugla FAQ - Digital Supervision for Elderly Care | Nattugla<\/title>\n<meta name=\"description\" content=\"Frequently asked questions about Nattugla digital supervision cameras. Learn about installation, security, alarms, connectivity and more.\" \/>\n<meta name=\"robots\" content=\"index, follow, max-snippet:-1, max-image-preview:large, max-video-preview:-1\" \/>\n<link rel=\"canonical\" href=\"https:\/\/nattugla.no\/de\/faq_fur_nattugla\/\" \/>\n<meta property=\"og:locale\" content=\"de_DE\" \/>\n<meta property=\"og:type\" content=\"article\" \/>\n<meta property=\"og:title\" content=\"FAQ - Nattugla FAQ - Digital Supervision for Elderly Care | Nattugla\" \/>\n<meta property=\"og:description\" content=\"Frequently asked questions about Nattugla digital supervision cameras. Learn about installation, security, alarms, connectivity and more.\" \/>\n<meta property=\"og:url\" content=\"https:\/\/nattugla.no\/de\/faq_fur_nattugla\/\" \/>\n<meta property=\"og:site_name\" content=\"Nattugla\" \/>\n<meta property=\"article:modified_time\" content=\"2026-02-11T11:19:02+00:00\" \/>\n<meta name=\"twitter:card\" content=\"summary_large_image\" \/>\n<script type=\"application\/ld+json\" class=\"yoast-schema-graph\">{\"@context\":\"https:\/\/schema.org\",\"@graph\":[{\"@type\":\"WebPage\",\"@id\":\"https:\/\/nattugla.no\/faq_for_nattugla\/\",\"url\":\"https:\/\/nattugla.no\/faq_for_nattugla\/\",\"name\":\"FAQ - Nattugla FAQ - Digital Supervision for Elderly Care | Nattugla\",\"isPartOf\":{\"@id\":\"https:\/\/nattugla.no\/#website\"},\"datePublished\":\"2025-08-27T11:33:37+00:00\",\"dateModified\":\"2026-02-11T11:19:02+00:00\",\"description\":\"Frequently asked questions about Nattugla digital supervision cameras. Learn about installation, security, alarms, connectivity and more.\",\"breadcrumb\":{\"@id\":\"https:\/\/nattugla.no\/faq_for_nattugla\/#breadcrumb\"},\"inLanguage\":\"de\",\"potentialAction\":[{\"@type\":\"ReadAction\",\"target\":[\"https:\/\/nattugla.no\/faq_for_nattugla\/\"]}]},{\"@type\":\"BreadcrumbList\",\"@id\":\"https:\/\/nattugla.no\/faq_for_nattugla\/#breadcrumb\",\"itemListElement\":[{\"@type\":\"ListItem\",\"position\":1,\"name\":\"Home\",\"item\":\"https:\/\/nattugla.no\/\"},{\"@type\":\"ListItem\",\"position\":2,\"name\":\"FAQ\"}]},{\"@type\":\"WebSite\",\"@id\":\"https:\/\/nattugla.no\/#website\",\"url\":\"https:\/\/nattugla.no\/\",\"name\":\"Nattugla\",\"description\":\"\",\"potentialAction\":[{\"@type\":\"SearchAction\",\"target\":{\"@type\":\"EntryPoint\",\"urlTemplate\":\"https:\/\/nattugla.no\/?s={search_term_string}\"},\"query-input\":{\"@type\":\"PropertyValueSpecification\",\"valueRequired\":true,\"valueName\":\"search_term_string\"}}],\"inLanguage\":\"de\"}]}<\/script>\n<!-- \/ Yoast SEO plugin. -->","yoast_head_json":{"title":"FAQ \u2013 Nattugla FAQ \u2013 Digitale \u00dcberwachung in der Altenpflege | Nattugla","description":"H\u00e4ufig gestellte Fragen zu Nattugla digitalen \u00dcberwachungskameras. Erfahren Sie mehr \u00fcber Installation, Sicherheit, Alarme, Konnektivit\u00e4t und mehr.","robots":{"index":"index","follow":"follow","max-snippet":"max-snippet:-1","max-image-preview":"max-image-preview:large","max-video-preview":"max-video-preview:-1"},"canonical":"https:\/\/nattugla.no\/de\/faq_fur_nattugla\/","og_locale":"de_DE","og_type":"article","og_title":"FAQ - Nattugla FAQ - Digital Supervision for Elderly Care | Nattugla","og_description":"Frequently asked questions about Nattugla digital supervision cameras. Learn about installation, security, alarms, connectivity and more.","og_url":"https:\/\/nattugla.no\/de\/faq_fur_nattugla\/","og_site_name":"Nattugla","article_modified_time":"2026-02-11T11:19:02+00:00","twitter_card":"summary_large_image","schema":{"@context":"https:\/\/schema.org","@graph":[{"@type":"WebPage","@id":"https:\/\/nattugla.no\/faq_for_nattugla\/","url":"https:\/\/nattugla.no\/faq_for_nattugla\/","name":"FAQ \u2013 Nattugla FAQ \u2013 Digitale \u00dcberwachung in der Altenpflege | Nattugla","isPartOf":{"@id":"https:\/\/nattugla.no\/#website"},"datePublished":"2025-08-27T11:33:37+00:00","dateModified":"2026-02-11T11:19:02+00:00","description":"H\u00e4ufig gestellte Fragen zu Nattugla digitalen \u00dcberwachungskameras. Erfahren Sie mehr \u00fcber Installation, Sicherheit, Alarme, Konnektivit\u00e4t und mehr.","breadcrumb":{"@id":"https:\/\/nattugla.no\/faq_for_nattugla\/#breadcrumb"},"inLanguage":"de","potentialAction":[{"@type":"ReadAction","target":["https:\/\/nattugla.no\/faq_for_nattugla\/"]}]},{"@type":"BreadcrumbList","@id":"https:\/\/nattugla.no\/faq_for_nattugla\/#breadcrumb","itemListElement":[{"@type":"ListItem","position":1,"name":"Home","item":"https:\/\/nattugla.no\/"},{"@type":"ListItem","position":2,"name":"FAQ"}]},{"@type":"WebSite","@id":"https:\/\/nattugla.no\/#website","url":"https:\/\/nattugla.no\/","name":"Nattugla","description":"","potentialAction":[{"@type":"SearchAction","target":{"@type":"EntryPoint","urlTemplate":"https:\/\/nattugla.no\/?s={search_term_string}"},"query-input":{"@type":"PropertyValueSpecification","valueRequired":true,"valueName":"search_term_string"}}],"inLanguage":"de"}]}},"_links":{"self":[{"href":"https:\/\/nattugla.no\/de\/wp-json\/wp\/v2\/pages\/401","targetHints":{"allow":["GET"]}}],"collection":[{"href":"https:\/\/nattugla.no\/de\/wp-json\/wp\/v2\/pages"}],"about":[{"href":"https:\/\/nattugla.no\/de\/wp-json\/wp\/v2\/types\/page"}],"author":[{"embeddable":true,"href":"https:\/\/nattugla.no\/de\/wp-json\/wp\/v2\/users\/2"}],"replies":[{"embeddable":true,"href":"https:\/\/nattugla.no\/de\/wp-json\/wp\/v2\/comments?post=401"}],"version-history":[{"count":0,"href":"https:\/\/nattugla.no\/de\/wp-json\/wp\/v2\/pages\/401\/revisions"}],"wp:attachment":[{"href":"https:\/\/nattugla.no\/de\/wp-json\/wp\/v2\/media?parent=401"}],"curies":[{"name":"wp","href":"https:\/\/api.w.org\/{rel}","templated":true}]}}