{"id":13,"date":"2025-08-11T11:41:33","date_gmt":"2025-08-11T11:41:33","guid":{"rendered":"https:\/\/nattugladev.wpenginepowered.com\/?page_id=13"},"modified":"2026-04-09T10:43:14","modified_gmt":"2026-04-09T10:43:14","slug":"wie-nattugla-funktioniert","status":"publish","type":"page","link":"https:\/\/nattugla.no\/de\/wie-nattugla-funktioniert\/","title":{"rendered":"Wie es funktioniert"},"content":{"rendered":"","protected":false},"excerpt":{"rendered":"","protected":false},"author":2,"featured_media":0,"parent":0,"menu_order":0,"comment_status":"closed","ping_status":"closed","template":"template-how-it-works.php","meta":{"_acf_changed":false,"inline_featured_image":false,"footnotes":""},"class_list":["post-13","page","type-page","status-publish","hentry"],"acf":[],"yoast_head":"<!-- This site is optimized with the Yoast SEO plugin v27.5 - https:\/\/yoast.com\/product\/yoast-seo-wordpress\/ -->\n<title>How Digital Supervision Works | Nattugla<\/title>\n<meta name=\"description\" content=\"See how Nattugla digital supervision works. AI-powered cameras for health care that reduce falls and free up staff time.\" \/>\n<meta name=\"robots\" content=\"index, follow, max-snippet:-1, max-image-preview:large, max-video-preview:-1\" \/>\n<link rel=\"canonical\" href=\"https:\/\/nattugla.no\/de\/wie-nattugla-funktioniert\/\" \/>\n<meta property=\"og:locale\" content=\"de_DE\" \/>\n<meta property=\"og:type\" content=\"article\" \/>\n<meta property=\"og:title\" content=\"How Digital Supervision Works | Nattugla\" \/>\n<meta property=\"og:description\" content=\"See how Nattugla digital supervision works. AI-powered cameras for health care that reduce falls and free up staff time.\" \/>\n<meta property=\"og:url\" content=\"https:\/\/nattugla.no\/de\/wie-nattugla-funktioniert\/\" \/>\n<meta property=\"og:site_name\" content=\"Nattugla\" \/>\n<meta property=\"article:modified_time\" content=\"2026-04-09T10:43:14+00:00\" \/>\n<meta name=\"twitter:card\" content=\"summary_large_image\" \/>\n<script type=\"application\/ld+json\" class=\"yoast-schema-graph\">{\"@context\":\"https:\\\/\\\/schema.org\",\"@graph\":[{\"@type\":\"WebPage\",\"@id\":\"https:\\\/\\\/nattugla.no\\\/how-nattugla-works\\\/\",\"url\":\"https:\\\/\\\/nattugla.no\\\/how-nattugla-works\\\/\",\"name\":\"How Digital Supervision Works | Nattugla\",\"isPartOf\":{\"@id\":\"https:\\\/\\\/nattugla.no\\\/#website\"},\"datePublished\":\"2025-08-11T11:41:33+00:00\",\"dateModified\":\"2026-04-09T10:43:14+00:00\",\"description\":\"See how Nattugla digital supervision works. AI-powered cameras for health care that reduce falls and free up staff time.\",\"breadcrumb\":{\"@id\":\"https:\\\/\\\/nattugla.no\\\/how-nattugla-works\\\/#breadcrumb\"},\"inLanguage\":\"de\",\"potentialAction\":[{\"@type\":\"ReadAction\",\"target\":[\"https:\\\/\\\/nattugla.no\\\/how-nattugla-works\\\/\"]}]},{\"@type\":\"BreadcrumbList\",\"@id\":\"https:\\\/\\\/nattugla.no\\\/how-nattugla-works\\\/#breadcrumb\",\"itemListElement\":[{\"@type\":\"ListItem\",\"position\":1,\"name\":\"Home\",\"item\":\"https:\\\/\\\/nattugla.no\\\/\"},{\"@type\":\"ListItem\",\"position\":2,\"name\":\"How it works\"}]},{\"@type\":\"WebSite\",\"@id\":\"https:\\\/\\\/nattugla.no\\\/#website\",\"url\":\"https:\\\/\\\/nattugla.no\\\/\",\"name\":\"Nattugla\",\"description\":\"\",\"potentialAction\":[{\"@type\":\"SearchAction\",\"target\":{\"@type\":\"EntryPoint\",\"urlTemplate\":\"https:\\\/\\\/nattugla.no\\\/?s={search_term_string}\"},\"query-input\":{\"@type\":\"PropertyValueSpecification\",\"valueRequired\":true,\"valueName\":\"search_term_string\"}}],\"inLanguage\":\"de\"}]}<\/script>\n<!-- \/ Yoast SEO plugin. -->","yoast_head_json":{"title":"Wie digitale Aufsicht funktioniert | Nattugla","description":"Sehen Sie, wie die digitale \u00dcberwachung mit Nattugla funktioniert. KI-gesteuerte Kameras f\u00fcr das Gesundheitswesen, die St\u00fcrze reduzieren und dem Personal Zeit verschaffen.","robots":{"index":"index","follow":"follow","max-snippet":"max-snippet:-1","max-image-preview":"max-image-preview:large","max-video-preview":"max-video-preview:-1"},"canonical":"https:\/\/nattugla.no\/de\/wie-nattugla-funktioniert\/","og_locale":"de_DE","og_type":"article","og_title":"How Digital Supervision Works | Nattugla","og_description":"See how Nattugla digital supervision works. AI-powered cameras for health care that reduce falls and free up staff time.","og_url":"https:\/\/nattugla.no\/de\/wie-nattugla-funktioniert\/","og_site_name":"Nattugla","article_modified_time":"2026-04-09T10:43:14+00:00","twitter_card":"summary_large_image","schema":{"@context":"https:\/\/schema.org","@graph":[{"@type":"WebPage","@id":"https:\/\/nattugla.no\/how-nattugla-works\/","url":"https:\/\/nattugla.no\/how-nattugla-works\/","name":"Wie digitale Aufsicht funktioniert | Nattugla","isPartOf":{"@id":"https:\/\/nattugla.no\/#website"},"datePublished":"2025-08-11T11:41:33+00:00","dateModified":"2026-04-09T10:43:14+00:00","description":"Sehen Sie, wie die digitale \u00dcberwachung mit Nattugla funktioniert. KI-gesteuerte Kameras f\u00fcr das Gesundheitswesen, die St\u00fcrze reduzieren und dem Personal Zeit verschaffen.","breadcrumb":{"@id":"https:\/\/nattugla.no\/how-nattugla-works\/#breadcrumb"},"inLanguage":"de","potentialAction":[{"@type":"ReadAction","target":["https:\/\/nattugla.no\/how-nattugla-works\/"]}]},{"@type":"BreadcrumbList","@id":"https:\/\/nattugla.no\/how-nattugla-works\/#breadcrumb","itemListElement":[{"@type":"ListItem","position":1,"name":"Home","item":"https:\/\/nattugla.no\/"},{"@type":"ListItem","position":2,"name":"How it works"}]},{"@type":"WebSite","@id":"https:\/\/nattugla.no\/#website","url":"https:\/\/nattugla.no\/","name":"Nattugla","description":"","potentialAction":[{"@type":"SearchAction","target":{"@type":"EntryPoint","urlTemplate":"https:\/\/nattugla.no\/?s={search_term_string}"},"query-input":{"@type":"PropertyValueSpecification","valueRequired":true,"valueName":"search_term_string"}}],"inLanguage":"de"}]}},"_links":{"self":[{"href":"https:\/\/nattugla.no\/de\/wp-json\/wp\/v2\/pages\/13","targetHints":{"allow":["GET"]}}],"collection":[{"href":"https:\/\/nattugla.no\/de\/wp-json\/wp\/v2\/pages"}],"about":[{"href":"https:\/\/nattugla.no\/de\/wp-json\/wp\/v2\/types\/page"}],"author":[{"embeddable":true,"href":"https:\/\/nattugla.no\/de\/wp-json\/wp\/v2\/users\/2"}],"replies":[{"embeddable":true,"href":"https:\/\/nattugla.no\/de\/wp-json\/wp\/v2\/comments?post=13"}],"version-history":[{"count":0,"href":"https:\/\/nattugla.no\/de\/wp-json\/wp\/v2\/pages\/13\/revisions"}],"wp:attachment":[{"href":"https:\/\/nattugla.no\/de\/wp-json\/wp\/v2\/media?parent=13"}],"curies":[{"name":"wp","href":"https:\/\/api.w.org\/{rel}","templated":true}]}}